{"id":6999,"date":"2025-10-22T12:27:32","date_gmt":"2025-10-22T16:27:32","guid":{"rendered":"http:\/\/wpu\/politique-relative-aux-technologies-de-suivi\/"},"modified":"2025-12-04T15:32:23","modified_gmt":"2025-12-04T20:32:23","slug":"politique-relative-aux-technologies-de-suivi","status":"publish","type":"page","link":"https:\/\/dst.ca\/fr\/politique-relative-aux-technologies-de-suivi\/","title":{"rendered":"Politique relative aux technologies de suivi"},"content":{"rendered":"\t\t<div data-elementor-type=\"wp-page\" data-elementor-id=\"6999\" class=\"elementor elementor-6999 elementor-6987\" data-elementor-post-type=\"page\">\n\t\t\t\t<div class=\"elementor-element elementor-element-bb05f1e e-flex e-con-boxed e-con e-parent\" data-id=\"bb05f1e\" data-element_type=\"container\" data-settings=\"{&quot;background_background&quot;:&quot;classic&quot;,&quot;shape_divider_bottom&quot;:&quot;curve&quot;,&quot;shape_divider_bottom_negative&quot;:&quot;yes&quot;}\">\n\t\t\t\t\t<div class=\"e-con-inner\">\n\t\t\t\t<div class=\"elementor-shape elementor-shape-bottom\" aria-hidden=\"true\" data-negative=\"true\">\n\t\t\t<svg xmlns=\"http:\/\/www.w3.org\/2000\/svg\" viewBox=\"0 0 1000 100\" preserveAspectRatio=\"none\">\n\t<path class=\"elementor-shape-fill\" d=\"M500,97C126.7,96.3,0.8,19.8,0,0v100l1000,0V1C1000,19.4,873.3,97.8,500,97z\"\/>\n<\/svg>\t\t<\/div>\n\t\t<div class=\"elementor-element elementor-element-00114ac e-con-full e-flex e-con e-child\" data-id=\"00114ac\" data-element_type=\"container\">\n\t\t\t\t<div class=\"elementor-element elementor-element-d09eb0d elementor-widget elementor-widget-heading\" data-id=\"d09eb0d\" data-element_type=\"widget\" data-widget_type=\"heading.default\">\n\t\t\t\t<div class=\"elementor-widget-container\">\n\t\t\t\t\t<h1 class=\"elementor-heading-title elementor-size-xxl\">Politique relative aux technologies de suivi\n<\/h1>\t\t\t\t<\/div>\n\t\t\t\t<\/div>\n\t\t\t\t<div class=\"elementor-element elementor-element-aa2b56f elementor-widget elementor-widget-html\" data-id=\"aa2b56f\" data-element_type=\"widget\" data-widget_type=\"html.default\">\n\t\t\t\t<div class=\"elementor-widget-container\">\n\t\t\t\t\t<script>jQuery(document).ready(function($) {\n  \/\/ ta ou tes images\n  const img = $('.image-dynamique');\n\n  \/\/ on d\u00e9l\u00e8gue au document, mais on cible bien l'accord\u00e9on Elementor\n  $(document).on('click', '.elementor-accordion .elementor-accordion-item .elementor-accordion-title', function() {\n    const clickedText = $(this).text().trim();\n    console.log('Accord\u00e9on cliqu\u00e9 \u2192', clickedText);\n\n    if (clickedText.includes(\"Portfolio Managers\")) {\n      img.fadeOut(200, function() {\n        img.attr('src', 'https:\/\/dst.ca\/wp-content\/uploads\/2025\/05\/9.3.png')\n           .fadeIn(200);\n      });\n\n    } else if (clickedText.includes(\"Middle Officers\")) {\n      img.fadeOut(200, function() {\n        img.attr('src', 'https:\/\/dst.ca\/wp-content\/uploads\/2025\/05\/dst_data3-1536x640.png')\n           .fadeIn(200);\n      });\n\n    }\n    \/\/ etc. pour les autres items\u2026\n  });\n});\n<\/script>\t\t\t\t<\/div>\n\t\t\t\t<\/div>\n\t\t<div class=\"elementor-element elementor-element-8b2137e e-con-full e-grid elementor-invisible e-con e-child\" data-id=\"8b2137e\" data-element_type=\"container\" data-settings=\"{&quot;animation&quot;:&quot;fadeIn&quot;}\">\n\t\t<div class=\"elementor-element elementor-element-a288130 e-con-full e-flex e-con e-child\" data-id=\"a288130\" data-element_type=\"container\">\n\t\t\t\t<div class=\"elementor-element elementor-element-14f3ba7 elementor-mobile-align-center elementor-align-right elementor-widget elementor-widget-button\" data-id=\"14f3ba7\" data-element_type=\"widget\" data-widget_type=\"button.default\">\n\t\t\t\t<div class=\"elementor-widget-container\">\n\t\t\t\t\t\t\t\t\t<div class=\"elementor-button-wrapper\">\n\t\t\t\t\t<a class=\"elementor-button elementor-button-link elementor-size-sm\" href=\"https:\/\/dst.ca\/fr\/contact\/\">\n\t\t\t\t\t\t<span class=\"elementor-button-content-wrapper\">\n\t\t\t\t\t\t\t\t\t<span class=\"elementor-button-text\">Planifier une d\u00e9monstration<\/span>\n\t\t\t\t\t<\/span>\n\t\t\t\t\t<\/a>\n\t\t\t\t<\/div>\n\t\t\t\t\t\t\t\t<\/div>\n\t\t\t\t<\/div>\n\t\t\t\t<\/div>\n\t\t<div class=\"elementor-element elementor-element-f7f23c8 e-con-full e-flex e-con e-child\" data-id=\"f7f23c8\" data-element_type=\"container\">\n\t\t\t\t<div class=\"elementor-element elementor-element-4f36655 elementor-mobile-align-center elementor-widget elementor-widget-button\" data-id=\"4f36655\" data-element_type=\"widget\" data-widget_type=\"button.default\">\n\t\t\t\t<div class=\"elementor-widget-container\">\n\t\t\t\t\t\t\t\t\t<div class=\"elementor-button-wrapper\">\n\t\t\t\t\t<a class=\"elementor-button elementor-button-link elementor-size-sm\" href=\"https:\/\/dst.ca\/fr\/contact\/\">\n\t\t\t\t\t\t<span class=\"elementor-button-content-wrapper\">\n\t\t\t\t\t\t\t\t\t<span class=\"elementor-button-text\">D\u00e9couvrir webfolio\u00ae<\/span>\n\t\t\t\t\t<\/span>\n\t\t\t\t\t<\/a>\n\t\t\t\t<\/div>\n\t\t\t\t\t\t\t\t<\/div>\n\t\t\t\t<\/div>\n\t\t\t\t<\/div>\n\t\t\t\t<\/div>\n\t\t\t\t<\/div>\n\t\t\t\t\t<\/div>\n\t\t\t\t<\/div>\n\t\t<div class=\"elementor-element elementor-element-03313f7 e-flex e-con-boxed e-con e-parent\" data-id=\"03313f7\" data-element_type=\"container\">\n\t\t\t\t\t<div class=\"e-con-inner\">\n\t\t\t\t<div class=\"elementor-element elementor-element-5328f83 elementor-widget elementor-widget-text-editor\" data-id=\"5328f83\" data-element_type=\"widget\" data-widget_type=\"text-editor.default\">\n\t\t\t\t<div class=\"elementor-widget-container\">\n\t\t\t\t\t\t\t\t\t<p>Nous utilisons des technologies de suivi lorsque vous utilisez notre site web. Cependant, contrairement \u00e0 la plupart des autres sites web, nous n&rsquo;autorisons aucun tiers \u00e0 utiliser des technologies de suivi sur notre site. Cette Politique relative aux technologies de suivi (\u00ab Politique \u00bb) d\u00e9crit notre utilisation de ces technologies.<\/p><p>Nous pouvons mettre \u00e0 jour cette Politique de temps \u00e0 autre selon les besoins, ou conform\u00e9ment aux exigences l\u00e9gales. Nous vous encourageons donc \u00e0 la lire r\u00e9guli\u00e8rement. La date d&rsquo;entr\u00e9e en vigueur de notre Politique est indiqu\u00e9e ci-dessous.<\/p><h3 class=\"h3\">Port\u00e9e de cette politique<\/h3><p>Cette Politique s&rsquo;applique uniquement \u00e0 l&rsquo;utilisation de notre site web et ne s&rsquo;applique pas aux sites web tiers auxquels nous pouvons avoir fait r\u00e9f\u00e9rence ou cr\u00e9\u00e9 des liens. Ces sites web ont leurs propres pratiques en mati\u00e8re de confidentialit\u00e9 et de s\u00e9curit\u00e9, et vous pouvez consulter leurs politiques. Nous ne sommes pas responsables de leurs pratiques en mati\u00e8re de confidentialit\u00e9.<\/p><h3 class=\"h3\">Quel type d&rsquo;informations nous collectons, pourquoi nous les collectons et sur quelle base juridique<\/h3><p>Pour les utilisateurs du site web dans l&rsquo;Espace \u00e9conomique europ\u00e9en : La base juridique pour la collecte d&rsquo;informations par l&rsquo;utilisation de technologies de suivi est soit : (i) l&rsquo;ex\u00e9cution du contrat (si nous avons conclu un contrat avec vous sur l&rsquo;utilisation du site web) ; (ii) les int\u00e9r\u00eats l\u00e9gitimes de notre part ou de tiers, tels que la fourniture d&rsquo;un site web fonctionnel (plus d&rsquo;informations sur le test d&rsquo;\u00e9quilibrage sont disponibles sur demande), ou (iii) votre consentement.<\/p><p>Les informations que nous collectons et qui peuvent potentiellement vous identifier comprennent, entre autres : votre adresse IP, la r\u00e9solution de l&rsquo;\u00e9cran, les param\u00e8tres de langue, les param\u00e8tres de police, le syst\u00e8me d&rsquo;exploitation, le type d&rsquo;appareil, la localisation, le fuseau horaire. Nous pouvons utiliser ces informations \u00e0 des fins de s\u00e9curit\u00e9 et d&rsquo;authentification, pour fournir une meilleure exp\u00e9rience utilisateur, et pour prot\u00e9ger nos droits, nos biens et notre s\u00e9curit\u00e9 ainsi que les droits, les biens et la s\u00e9curit\u00e9 de nos employ\u00e9s ou d&rsquo;autres personnes. Nous ne partageons pas ces informations avec des tiers, sauf si cela est n\u00e9cessaire \u00e0 des fins de preuve ou r\u00e9glementaires. Plus pr\u00e9cis\u00e9ment, nous n&rsquo;utilisons pas, ne partageons pas et ne vendons pas ces informations \u00e0 des fins de marketing.<\/p><p>Nous utilisons des technologies de suivi pour :<\/p><ul><li><p>Analyser l&rsquo;utilisation de notre site web.<\/p><p>Par exemple, nous collectons des informations telles que le pays \u00e0 partir duquel vous avez visit\u00e9 notre site web, si vous \u00eates arriv\u00e9 directement sur notre site web ou si vous avez utilis\u00e9 un moteur de recherche et quels mots-cl\u00e9s vous avez utilis\u00e9s. Nous nous int\u00e9ressons aux pages que vous avez visit\u00e9es et si vous avez d\u00e9j\u00e0 utilis\u00e9 notre site web auparavant.<\/p><\/li><li><p>Personnaliser votre exp\u00e9rience sur notre site web.<\/p><p>Certaines technologies nous permettent de m\u00e9moriser vos param\u00e8tres et pr\u00e9f\u00e9rences.<\/p><\/li><li><p>Authentifier les utilisateurs et stocker les informations de connexion.<\/p><p>Cela \u00e9vite d&rsquo;avoir \u00e0 saisir \u00e0 nouveau vos identifiants de connexion \u00e0 chaque visite de notre site web.<\/p><\/li><li>Fournir des fonctionnalit\u00e9s de s\u00e9curit\u00e9 pour prot\u00e9ger notre site web et toutes les Donn\u00e9es Personnelles que nous pourrions avoir (voir <a href=\"https:\/\/dst.ca\/privacy.html\">notre Politique de Confidentialit\u00e9<\/a> pour plus d&rsquo;informations sur les Donn\u00e9es Personnelles).<\/li><li>Aider \u00e0 diagnostiquer les probl\u00e8mes avec notre serveur.<\/li><li>Conserver un enregistrement de votre consentement explicite \u00e0 notre utilisation des technologies de suivi via notre banni\u00e8re de technologies de suivi.<\/li><\/ul><h3 class=\"h3\">Comment vous pouvez g\u00e9rer les technologies de suivi<\/h3><p>Vous pouvez modifier certaines pr\u00e9f\u00e9rences de technologies de suivi via les param\u00e8tres de votre navigateur. Cependant, cela pourrait affecter votre utilisation de notre site web.<\/p><h3 class=\"h3\">Comment nous contacter<\/h3><p>Si vous avez des questions ou des pr\u00e9occupations concernant cette Politique, veuillez les envoyer \u00e0 :<\/p><p>Digital Shape Technologies Inc.<br \/>\u00c0 l&rsquo;attention du : D\u00e9partement juridique<br \/>715, rue Square-Victoria<br \/>Suite 500<br \/>Montr\u00e9al, Qu\u00e9bec, Canada H2Y 2H7<br \/><br \/>Ou envoyez-nous un courriel \u00e0 : <a href=\"mailto:contact@dst.ca\">contact@dst.ca<\/a><\/p><p><strong>Date d&rsquo;entr\u00e9e en vigueur\u00a0:<\/strong> 29\u00a0octobre\u00a02019<\/p>\t\t\t\t\t\t\t\t<\/div>\n\t\t\t\t<\/div>\n\t\t\t\t\t<\/div>\n\t\t\t\t<\/div>\n\t\t\t\t<\/div>\n\t\t","protected":false},"excerpt":{"rendered":"<p>Politique relative aux technologies de suivi Planifier une d\u00e9monstration D\u00e9couvrir webfolio\u00ae Nous utilisons des technologies de suivi lorsque vous utilisez [&hellip;]<\/p>\n","protected":false},"author":2,"featured_media":0,"parent":0,"menu_order":0,"comment_status":"closed","ping_status":"closed","template":"","meta":{"site-sidebar-layout":"no-sidebar","site-content-layout":"","ast-site-content-layout":"full-width-container","site-content-style":"default","site-sidebar-style":"default","ast-global-header-display":"","ast-banner-title-visibility":"","ast-main-header-display":"","ast-hfb-above-header-display":"","ast-hfb-below-header-display":"","ast-hfb-mobile-header-display":"","site-post-title":"disabled","ast-breadcrumbs-content":"","ast-featured-img":"disabled","footer-sml-layout":"","theme-transparent-header-meta":"","adv-header-id-meta":"","stick-header-meta":"","header-above-stick-meta":"","header-main-stick-meta":"","header-below-stick-meta":"","astra-migrate-meta-layouts":"default","ast-page-background-enabled":"default","ast-page-background-meta":{"desktop":{"background-color":"var(--ast-global-color-5)","background-image":"","background-repeat":"repeat","background-position":"center center","background-size":"auto","background-attachment":"scroll","background-type":"","background-media":"","overlay-type":"","overlay-color":"","overlay-opacity":"","overlay-gradient":""},"tablet":{"background-color":"","background-image":"","background-repeat":"repeat","background-position":"center center","background-size":"auto","background-attachment":"scroll","background-type":"","background-media":"","overlay-type":"","overlay-color":"","overlay-opacity":"","overlay-gradient":""},"mobile":{"background-color":"","background-image":"","background-repeat":"repeat","background-position":"center center","background-size":"auto","background-attachment":"scroll","background-type":"","background-media":"","overlay-type":"","overlay-color":"","overlay-opacity":"","overlay-gradient":""}},"ast-content-background-meta":{"desktop":{"background-color":"var(--ast-global-color-4)","background-image":"","background-repeat":"repeat","background-position":"center center","background-size":"auto","background-attachment":"scroll","background-type":"","background-media":"","overlay-type":"","overlay-color":"","overlay-opacity":"","overlay-gradient":""},"tablet":{"background-color":"var(--ast-global-color-4)","background-image":"","background-repeat":"repeat","background-position":"center center","background-size":"auto","background-attachment":"scroll","background-type":"","background-media":"","overlay-type":"","overlay-color":"","overlay-opacity":"","overlay-gradient":""},"mobile":{"background-color":"var(--ast-global-color-4)","background-image":"","background-repeat":"repeat","background-position":"center center","background-size":"auto","background-attachment":"scroll","background-type":"","background-media":"","overlay-type":"","overlay-color":"","overlay-opacity":"","overlay-gradient":""}},"footnotes":""},"class_list":["post-6999","page","type-page","status-publish","hentry"],"_links":{"self":[{"href":"https:\/\/dst.ca\/fr\/wp-json\/wp\/v2\/pages\/6999","targetHints":{"allow":["GET"]}}],"collection":[{"href":"https:\/\/dst.ca\/fr\/wp-json\/wp\/v2\/pages"}],"about":[{"href":"https:\/\/dst.ca\/fr\/wp-json\/wp\/v2\/types\/page"}],"author":[{"embeddable":true,"href":"https:\/\/dst.ca\/fr\/wp-json\/wp\/v2\/users\/2"}],"replies":[{"embeddable":true,"href":"https:\/\/dst.ca\/fr\/wp-json\/wp\/v2\/comments?post=6999"}],"version-history":[{"count":4,"href":"https:\/\/dst.ca\/fr\/wp-json\/wp\/v2\/pages\/6999\/revisions"}],"predecessor-version":[{"id":7602,"href":"https:\/\/dst.ca\/fr\/wp-json\/wp\/v2\/pages\/6999\/revisions\/7602"}],"wp:attachment":[{"href":"https:\/\/dst.ca\/fr\/wp-json\/wp\/v2\/media?parent=6999"}],"curies":[{"name":"wp","href":"https:\/\/api.w.org\/{rel}","templated":true}]}}